{"id":295,"date":"2023-06-26T09:37:47","date_gmt":"2023-06-26T07:37:47","guid":{"rendered":"https:\/\/www.cardio-systemes.fr\/?page_id=295"},"modified":"2023-06-26T09:37:48","modified_gmt":"2023-06-26T07:37:48","slug":"medecine-generale","status":"publish","type":"page","link":"https:\/\/cardio-systemes.fr\/index.php\/medecine-generale\/","title":{"rendered":"M\u00e9decine g\u00e9n\u00e9rale"},"content":{"rendered":"","protected":false},"excerpt":{"rendered":"","protected":false},"author":1,"featured_media":0,"parent":0,"menu_order":0,"comment_status":"closed","ping_status":"closed","template":"","meta":{"footnotes":""},"class_list":["post-295","page","type-page","status-publish","hentry","entry","owp-thumbs-layout-horizontal","owp-btn-normal","owp-tabs-layout-horizontal","has-no-thumbnails","has-product-nav"],"_links":{"self":[{"href":"https:\/\/cardio-systemes.fr\/index.php\/wp-json\/wp\/v2\/pages\/295","targetHints":{"allow":["GET"]}}],"collection":[{"href":"https:\/\/cardio-systemes.fr\/index.php\/wp-json\/wp\/v2\/pages"}],"about":[{"href":"https:\/\/cardio-systemes.fr\/index.php\/wp-json\/wp\/v2\/types\/page"}],"author":[{"embeddable":true,"href":"https:\/\/cardio-systemes.fr\/index.php\/wp-json\/wp\/v2\/users\/1"}],"replies":[{"embeddable":true,"href":"https:\/\/cardio-systemes.fr\/index.php\/wp-json\/wp\/v2\/comments?post=295"}],"version-history":[{"count":1,"href":"https:\/\/cardio-systemes.fr\/index.php\/wp-json\/wp\/v2\/pages\/295\/revisions"}],"predecessor-version":[{"id":300,"href":"https:\/\/cardio-systemes.fr\/index.php\/wp-json\/wp\/v2\/pages\/295\/revisions\/300"}],"wp:attachment":[{"href":"https:\/\/cardio-systemes.fr\/index.php\/wp-json\/wp\/v2\/media?parent=295"}],"curies":[{"name":"wp","href":"https:\/\/api.w.org\/{rel}","templated":true}]}}